{"id":112,"date":"2024-02-09T14:04:59","date_gmt":"2024-02-09T13:04:59","guid":{"rendered":"https:\/\/www.sophro-voyageensoi.fr\/?page_id=112"},"modified":"2024-10-16T11:39:26","modified_gmt":"2024-10-16T09:39:26","slug":"qui-suis-je-sophrologue","status":"publish","type":"page","link":"https:\/\/www.sophro-voyageensoi.fr\/index.php\/qui-suis-je-sophrologue\/","title":{"rendered":"Qui suis je ?"},"content":{"rendered":"\t\t<div data-elementor-type=\"wp-page\" data-elementor-id=\"112\" class=\"elementor elementor-112\">\n\t\t\t\t<div class=\"elementor-element elementor-element-d3c14a3 e-flex e-con-boxed e-con e-parent\" data-id=\"d3c14a3\" data-element_type=\"container\" data-settings=\"{&quot;content_width&quot;:&quot;boxed&quot;}\" data-core-v316-plus=\"true\">\n\t\t\t\t\t<div class=\"e-con-inner\">\n\t\t\t\t<div class=\"elementor-element elementor-element-b65f062 elementor-widget__width-inherit elementor-widget elementor-widget-heading\" data-id=\"b65f062\" data-element_type=\"widget\" data-widget_type=\"heading.default\">\n\t\t\t\t<div class=\"elementor-widget-container\">\n\t\t\t<style>\/*! elementor - v3.19.0 - 07-02-2024 *\/\n.elementor-heading-title{padding:0;margin:0;line-height:1}.elementor-widget-heading .elementor-heading-title[class*=elementor-size-]>a{color:inherit;font-size:inherit;line-height:inherit}.elementor-widget-heading .elementor-heading-title.elementor-size-small{font-size:15px}.elementor-widget-heading .elementor-heading-title.elementor-size-medium{font-size:19px}.elementor-widget-heading .elementor-heading-title.elementor-size-large{font-size:29px}.elementor-widget-heading .elementor-heading-title.elementor-size-xl{font-size:39px}.elementor-widget-heading .elementor-heading-title.elementor-size-xxl{font-size:59px}<\/style><h2 class=\"elementor-heading-title elementor-size-default\">Qui suis je ? \nL'origine de cette belle aventure qui m'a emmen\u00e9 \u00e0 \u00eatre Sophrologue<\/h2>\t\t<\/div>\n\t\t\t\t<\/div>\n\t\t\t\t\t<\/div>\n\t\t\t\t<\/div>\n\t\t<div class=\"elementor-element elementor-element-3c4ef25 e-con-full elementor-hidden-desktop elementor-hidden-tablet e-flex e-con e-parent\" data-id=\"3c4ef25\" data-element_type=\"container\" data-settings=\"{&quot;content_width&quot;:&quot;full&quot;}\" data-core-v316-plus=\"true\">\n\t\t<div class=\"elementor-element elementor-element-3f594a3 e-con-full e-flex e-con e-child\" data-id=\"3f594a3\" data-element_type=\"container\" data-settings=\"{&quot;content_width&quot;:&quot;full&quot;}\">\n\t\t\t\t<div class=\"elementor-element elementor-element-42f199f elementor-widget-mobile__width-initial elementor-widget elementor-widget-image\" data-id=\"42f199f\" data-element_type=\"widget\" data-widget_type=\"image.default\">\n\t\t\t\t<div class=\"elementor-widget-container\">\n\t\t\t<style>\/*! elementor - v3.19.0 - 07-02-2024 *\/\n.elementor-widget-image{text-align:center}.elementor-widget-image a{display:inline-block}.elementor-widget-image a img[src$=\".svg\"]{width:48px}.elementor-widget-image img{vertical-align:middle;display:inline-block}<\/style>\t\t\t\t\t\t\t\t\t\t<img fetchpriority=\"high\" decoding=\"async\" width=\"1024\" height=\"681\" src=\"https:\/\/www.sophro-voyageensoi.fr\/wp-content\/uploads\/2024\/02\/image-4-14-1024x681.jpg\" class=\"attachment-large size-large wp-image-400\" alt=\"Sophrologue\" srcset=\"https:\/\/www.sophro-voyageensoi.fr\/wp-content\/uploads\/2024\/02\/image-4-14-1024x681.jpg 1024w, https:\/\/www.sophro-voyageensoi.fr\/wp-content\/uploads\/2024\/02\/image-4-14-300x200.jpg 300w, https:\/\/www.sophro-voyageensoi.fr\/wp-content\/uploads\/2024\/02\/image-4-14-768x511.jpg 768w, https:\/\/www.sophro-voyageensoi.fr\/wp-content\/uploads\/2024\/02\/image-4-14-1536x1022.jpg 1536w, https:\/\/www.sophro-voyageensoi.fr\/wp-content\/uploads\/2024\/02\/image-4-14-2048x1363.jpg 2048w\" sizes=\"(max-width: 1024px) 100vw, 1024px\" \/>\t\t\t\t\t\t\t\t\t\t\t\t\t<\/div>\n\t\t\t\t<\/div>\n\t\t\t\t<\/div>\n\t\t<div class=\"elementor-element elementor-element-d7a3a7a e-con-full e-flex e-con e-child\" data-id=\"d7a3a7a\" data-element_type=\"container\" data-settings=\"{&quot;content_width&quot;:&quot;full&quot;}\">\n\t\t\t\t<div class=\"elementor-element elementor-element-a661221 elementor-widget elementor-widget-heading\" data-id=\"a661221\" data-element_type=\"widget\" data-widget_type=\"heading.default\">\n\t\t\t\t<div class=\"elementor-widget-container\">\n\t\t\t<h2 class=\"elementor-heading-title elementor-size-default\">L\u2019origine de cette belle aventure\u2026<\/h2>\t\t<\/div>\n\t\t\t\t<\/div>\n\t\t\t\t<\/div>\n\t\t\t\t<\/div>\n\t\t<div class=\"elementor-element elementor-element-22d9db6 elementor-hidden-desktop elementor-hidden-tablet e-flex e-con-boxed e-con e-parent\" data-id=\"22d9db6\" data-element_type=\"container\" data-settings=\"{&quot;content_width&quot;:&quot;boxed&quot;}\" data-core-v316-plus=\"true\">\n\t\t\t\t\t<div class=\"e-con-inner\">\n\t\t\t\t<div class=\"elementor-element elementor-element-9b32192 elementor-widget elementor-widget-text-editor\" data-id=\"9b32192\" data-element_type=\"widget\" data-widget_type=\"text-editor.default\">\n\t\t\t\t<div class=\"elementor-widget-container\">\n\t\t\t<style>\/*! elementor - v3.19.0 - 07-02-2024 *\/\n.elementor-widget-text-editor.elementor-drop-cap-view-stacked .elementor-drop-cap{background-color:#69727d;color:#fff}.elementor-widget-text-editor.elementor-drop-cap-view-framed .elementor-drop-cap{color:#69727d;border:3px solid;background-color:transparent}.elementor-widget-text-editor:not(.elementor-drop-cap-view-default) .elementor-drop-cap{margin-top:8px}.elementor-widget-text-editor:not(.elementor-drop-cap-view-default) .elementor-drop-cap-letter{width:1em;height:1em}.elementor-widget-text-editor .elementor-drop-cap{float:left;text-align:center;line-height:1;font-size:50px}.elementor-widget-text-editor .elementor-drop-cap-letter{display:inline-block}<\/style>\t\t\t\t<p>Je m\u2019appelle Jessica QUIEF, je suis sophrologue certifi\u00e9e RNCP, mari\u00e9e et maman de deux filles, je vis au pied des Alb\u00e8res, pr\u00e8s de Perpignan dans les Pyr\u00e9n\u00e9es-Orientales (66) ou vous pouvez admirer ces belles montagnes qui s\u00e9parent la France et l\u2019Espagne.<\/p><p>\u00a0J\u2019ai d\u00e9couvert la sophrologie et ses bienfaits suite au d\u00e9c\u00e8s de ma m\u00e8re, il y a maintenant 5 ans. J\u2019ai v\u00e9cu cette douloureuse \u00e9preuve qu\u2019est la perte d\u2019un \u00eatre cher. Mais gr\u00e2ce \u00e0 la sophrologie, j\u2019ai r\u00e9ussi \u00e0 surmonter ce moment difficile.<\/p><p>Je suis partie \u00e0 la d\u00e9couverte de mon \u201cMOI\u201d, j\u2019ai pris conscience qu\u2019il \u00e9tait important que je retrouve mon \u00e9quilibre entre mon mental, mes \u00e9motions et mon corps pour pouvoir retrouver un sens \u00e0 ma vie.<\/p><p>Depuis plusieurs ann\u00e9es, je m\u2019int\u00e9resse au d\u00e9veloppement personnel et aux diff\u00e9rentes m\u00e9thodes qui permettent de retrouver cet \u00e9quilibre entre le corps, les \u00e9motions et l\u2019esprit.<\/p><p>Aujourd\u2019hui, je souhaite \u00e0 mon tour aider le plus grand nombre d&rsquo;entre vous \u00e0 retrouver une stabilit\u00e9 et un bien \u00eatre en vous accompagnant pour que vous retrouviez et d\u00e9veloppiez vos capacit\u00e9s et votre force en vous.<\/p><p>Durant ma formation de Sophrologie, j\u2019ai r\u00e9alis\u00e9 que j\u2019avais effectu\u00e9 un beau et grand voyage et que j\u2019\u00e9tais pr\u00eate maintenant \u00e0 vous apporter mon aide gr\u00e2ce \u00e0 mon exp\u00e9rience, ma bienveillance et mon savoir.<\/p><p>Je souhaite que beaucoup de personnes puissent retrouver la s\u00e9r\u00e9nit\u00e9, la joie de vivre et r\u00e9aliser leur plein potentiel.<\/p>\t\t\t\t\t\t<\/div>\n\t\t\t\t<\/div>\n\t\t\t\t\t<\/div>\n\t\t\t\t<\/div>\n\t\t<div class=\"elementor-element elementor-element-663205f elementor-hidden-desktop elementor-hidden-tablet e-flex e-con-boxed e-con e-parent\" data-id=\"663205f\" data-element_type=\"container\" data-settings=\"{&quot;content_width&quot;:&quot;boxed&quot;}\" data-core-v316-plus=\"true\">\n\t\t\t\t\t<div class=\"e-con-inner\">\n\t\t\t\t<div class=\"elementor-element elementor-element-fc3b887 elementor-widget elementor-widget-testimonial\" data-id=\"fc3b887\" data-element_type=\"widget\" data-widget_type=\"testimonial.default\">\n\t\t\t\t<div class=\"elementor-widget-container\">\n\t\t\t<style>\/*! elementor - v3.19.0 - 07-02-2024 *\/\n.elementor-testimonial-wrapper{overflow:hidden;text-align:center}.elementor-testimonial-wrapper .elementor-testimonial-content{font-size:1.3em;margin-bottom:20px}.elementor-testimonial-wrapper .elementor-testimonial-name{line-height:1.5;display:block}.elementor-testimonial-wrapper .elementor-testimonial-job{font-size:.85em;display:block}.elementor-testimonial-wrapper .elementor-testimonial-meta{width:100%;line-height:1}.elementor-testimonial-wrapper .elementor-testimonial-meta-inner{display:inline-block}.elementor-testimonial-wrapper .elementor-testimonial-meta .elementor-testimonial-details,.elementor-testimonial-wrapper .elementor-testimonial-meta .elementor-testimonial-image{display:table-cell;vertical-align:middle}.elementor-testimonial-wrapper .elementor-testimonial-meta .elementor-testimonial-image img{width:60px;height:60px;border-radius:50%;-o-object-fit:cover;object-fit:cover;max-width:none}.elementor-testimonial-wrapper .elementor-testimonial-meta.elementor-testimonial-image-position-aside .elementor-testimonial-image{padding-right:15px}.elementor-testimonial-wrapper .elementor-testimonial-meta.elementor-testimonial-image-position-aside .elementor-testimonial-details{text-align:left}.elementor-testimonial-wrapper .elementor-testimonial-meta.elementor-testimonial-image-position-top .elementor-testimonial-details,.elementor-testimonial-wrapper .elementor-testimonial-meta.elementor-testimonial-image-position-top .elementor-testimonial-image{display:block}.elementor-testimonial-wrapper .elementor-testimonial-meta.elementor-testimonial-image-position-top .elementor-testimonial-image{margin-bottom:20px}<\/style>\t\t<div class=\"elementor-testimonial-wrapper\">\n\t\t\t\t\t\t\t<div class=\"elementor-testimonial-content\">Devenons la personne que nous r\u00eavons d\u2019\u00eatre...<\/div>\n\t\t\t\n\t\t\t\t\t\t<div class=\"elementor-testimonial-meta elementor-has-image elementor-testimonial-image-position-aside\">\n\t\t\t\t<div class=\"elementor-testimonial-meta-inner\">\n\t\t\t\t\t\t\t\t\t\t\t<div class=\"elementor-testimonial-image\">\n\t\t\t\t\t\t\t<img decoding=\"async\" width=\"2560\" height=\"1707\" src=\"https:\/\/www.sophro-voyageensoi.fr\/wp-content\/uploads\/2024\/02\/image-1-3-scaled.jpg\" class=\"attachment-full size-full wp-image-164\" alt=\"Bien-\u00eatre\" srcset=\"https:\/\/www.sophro-voyageensoi.fr\/wp-content\/uploads\/2024\/02\/image-1-3-scaled.jpg 2560w, https:\/\/www.sophro-voyageensoi.fr\/wp-content\/uploads\/2024\/02\/image-1-3-300x200.jpg 300w, https:\/\/www.sophro-voyageensoi.fr\/wp-content\/uploads\/2024\/02\/image-1-3-1024x683.jpg 1024w, https:\/\/www.sophro-voyageensoi.fr\/wp-content\/uploads\/2024\/02\/image-1-3-768x512.jpg 768w, https:\/\/www.sophro-voyageensoi.fr\/wp-content\/uploads\/2024\/02\/image-1-3-1536x1024.jpg 1536w, https:\/\/www.sophro-voyageensoi.fr\/wp-content\/uploads\/2024\/02\/image-1-3-2048x1365.jpg 2048w\" sizes=\"(max-width: 2560px) 100vw, 2560px\" \/>\t\t\t\t\t\t<\/div>\n\t\t\t\t\t\n\t\t\t\t\t\t\t\t\t<\/div>\n\t\t\t<\/div>\n\t\t\t\t\t<\/div>\n\t\t\t\t<\/div>\n\t\t\t\t<\/div>\n\t\t\t\t\t<\/div>\n\t\t\t\t<\/div>\n\t\t<div class=\"elementor-element elementor-element-0b2b460 elementor-hidden-mobile e-flex e-con-boxed e-con e-parent\" data-id=\"0b2b460\" data-element_type=\"container\" data-settings=\"{&quot;content_width&quot;:&quot;boxed&quot;}\" data-core-v316-plus=\"true\">\n\t\t\t\t\t<div class=\"e-con-inner\">\n\t\t<div class=\"elementor-element elementor-element-eeb77ca e-con-full e-flex e-con e-child\" data-id=\"eeb77ca\" data-element_type=\"container\" data-settings=\"{&quot;content_width&quot;:&quot;full&quot;}\">\n\t\t\t\t<div class=\"elementor-element elementor-element-8e9024d elementor-widget-mobile__width-initial elementor-widget elementor-widget-image\" data-id=\"8e9024d\" data-element_type=\"widget\" data-widget_type=\"image.default\">\n\t\t\t\t<div class=\"elementor-widget-container\">\n\t\t\t\t\t\t\t\t\t\t\t\t\t<img fetchpriority=\"high\" decoding=\"async\" width=\"1024\" height=\"681\" src=\"https:\/\/www.sophro-voyageensoi.fr\/wp-content\/uploads\/2024\/02\/image-4-14-1024x681.jpg\" class=\"attachment-large size-large wp-image-400\" alt=\"Sophrologue\" srcset=\"https:\/\/www.sophro-voyageensoi.fr\/wp-content\/uploads\/2024\/02\/image-4-14-1024x681.jpg 1024w, https:\/\/www.sophro-voyageensoi.fr\/wp-content\/uploads\/2024\/02\/image-4-14-300x200.jpg 300w, https:\/\/www.sophro-voyageensoi.fr\/wp-content\/uploads\/2024\/02\/image-4-14-768x511.jpg 768w, https:\/\/www.sophro-voyageensoi.fr\/wp-content\/uploads\/2024\/02\/image-4-14-1536x1022.jpg 1536w, https:\/\/www.sophro-voyageensoi.fr\/wp-content\/uploads\/2024\/02\/image-4-14-2048x1363.jpg 2048w\" sizes=\"(max-width: 1024px) 100vw, 1024px\" \/>\t\t\t\t\t\t\t\t\t\t\t\t\t<\/div>\n\t\t\t\t<\/div>\n\t\t\t\t<div class=\"elementor-element elementor-element-3130201 elementor-widget elementor-widget-heading\" data-id=\"3130201\" data-element_type=\"widget\" data-widget_type=\"heading.default\">\n\t\t\t\t<div class=\"elementor-widget-container\">\n\t\t\t<h2 class=\"elementor-heading-title elementor-size-default\">L\u2019origine de cette belle aventure\u2026<\/h2>\t\t<\/div>\n\t\t\t\t<\/div>\n\t\t\t\t<\/div>\n\t\t<div class=\"elementor-element elementor-element-795af33 e-con-full e-flex e-con e-child\" data-id=\"795af33\" data-element_type=\"container\" data-settings=\"{&quot;content_width&quot;:&quot;full&quot;}\">\n\t\t\t\t<div class=\"elementor-element elementor-element-6dda2ab elementor-widget elementor-widget-text-editor\" data-id=\"6dda2ab\" data-element_type=\"widget\" data-widget_type=\"text-editor.default\">\n\t\t\t\t<div class=\"elementor-widget-container\">\n\t\t\t\t\t\t\t<p>Je m\u2019appelle Jessica QUIEF, je suis sophrologue certifi\u00e9e RNCP, m<span style=\"font-size: 15px; color: var( --e-global-color-text );\">ari\u00e9e et maman de deux filles, je vis au pied des Alb\u00e8res, pr\u00e8s de Perpignan, dans les Pyr\u00e9n\u00e9es-Orientales (66) ou vous pouvez admirer ces belles montagnes qui s\u00e9parent la France et l\u2019Espagne.<\/span><\/p><p>\u00a0J\u2019ai d\u00e9couvert la sophrologie et ses bienfaits suite au d\u00e9c\u00e8s de ma m\u00e8re, il y a maintenant 5 ans. J\u2019ai v\u00e9cu cette douloureuse \u00e9preuve qu\u2019est la perte d\u2019un \u00eatre cher. Mais gr\u00e2ce \u00e0 la sophrologie, j\u2019ai r\u00e9ussi \u00e0 surmonter ce moment difficile.<\/p><p>Je suis partie \u00e0 la d\u00e9couverte de mon \u201cMOI\u201d, j\u2019ai pris conscience qu\u2019il \u00e9tait important que je retrouve mon \u00e9quilibre entre mon mental, mes \u00e9motions et mon corps pour pouvoir retrouver un sens \u00e0 ma vie.<\/p><p>Depuis plusieurs ann\u00e9es, je m\u2019int\u00e9resse au d\u00e9veloppement personnel et aux diff\u00e9rentes m\u00e9thodes qui permettent de retrouver cet \u00e9quilibre entre le corps, les \u00e9motions et l\u2019esprit.<\/p><p>Aujourd\u2019hui, je souhaite \u00e0 mon tour aider le plus grand nombre d&rsquo;entre vous \u00e0 retrouver une stabilit\u00e9 et un bien \u00eatre en vous accompagnant pour que vous retrouviez et d\u00e9veloppiez vos capacit\u00e9s et votre force en vous.<\/p><p>Durant ma formation de Sophrologie, j\u2019ai r\u00e9alis\u00e9 que j\u2019avais effectu\u00e9 un beau et grand voyage et que j\u2019\u00e9tais pr\u00eate maintenant \u00e0 vous apporter mon aide gr\u00e2ce \u00e0 mon exp\u00e9rience, ma bienveillance et mon savoir.<\/p><p>Je souhaite que beaucoup de personnes puissent retrouver la s\u00e9r\u00e9nit\u00e9, la joie de vivre et r\u00e9aliser leur plein potentiel.<\/p>\t\t\t\t\t\t<\/div>\n\t\t\t\t<\/div>\n\t\t\t\t<\/div>\n\t\t<div class=\"elementor-element elementor-element-e4a0dee e-con-full e-flex e-con e-child\" data-id=\"e4a0dee\" data-element_type=\"container\" data-settings=\"{&quot;content_width&quot;:&quot;full&quot;}\">\n\t\t\t\t<div class=\"elementor-element elementor-element-f4f5aa8 elementor-widget elementor-widget-testimonial\" data-id=\"f4f5aa8\" data-element_type=\"widget\" data-widget_type=\"testimonial.default\">\n\t\t\t\t<div class=\"elementor-widget-container\">\n\t\t\t\t\t<div class=\"elementor-testimonial-wrapper\">\n\t\t\t\t\t\t\t<div class=\"elementor-testimonial-content\">Devenons la personne que nous r\u00eavons d\u2019\u00eatre...<\/div>\n\t\t\t\n\t\t\t\t\t\t<div class=\"elementor-testimonial-meta elementor-has-image elementor-testimonial-image-position-aside\">\n\t\t\t\t<div class=\"elementor-testimonial-meta-inner\">\n\t\t\t\t\t\t\t\t\t\t\t<div class=\"elementor-testimonial-image\">\n\t\t\t\t\t\t\t<img decoding=\"async\" width=\"2560\" height=\"1707\" src=\"https:\/\/www.sophro-voyageensoi.fr\/wp-content\/uploads\/2024\/02\/image-1-3-scaled.jpg\" class=\"attachment-full size-full wp-image-164\" alt=\"Bien-\u00eatre\" srcset=\"https:\/\/www.sophro-voyageensoi.fr\/wp-content\/uploads\/2024\/02\/image-1-3-scaled.jpg 2560w, https:\/\/www.sophro-voyageensoi.fr\/wp-content\/uploads\/2024\/02\/image-1-3-300x200.jpg 300w, https:\/\/www.sophro-voyageensoi.fr\/wp-content\/uploads\/2024\/02\/image-1-3-1024x683.jpg 1024w, https:\/\/www.sophro-voyageensoi.fr\/wp-content\/uploads\/2024\/02\/image-1-3-768x512.jpg 768w, https:\/\/www.sophro-voyageensoi.fr\/wp-content\/uploads\/2024\/02\/image-1-3-1536x1024.jpg 1536w, https:\/\/www.sophro-voyageensoi.fr\/wp-content\/uploads\/2024\/02\/image-1-3-2048x1365.jpg 2048w\" sizes=\"(max-width: 2560px) 100vw, 2560px\" \/>\t\t\t\t\t\t<\/div>\n\t\t\t\t\t\n\t\t\t\t\t\t\t\t\t<\/div>\n\t\t\t<\/div>\n\t\t\t\t\t<\/div>\n\t\t\t\t<\/div>\n\t\t\t\t<\/div>\n\t\t\t\t<\/div>\n\t\t\t\t\t<\/div>\n\t\t\t\t<\/div>\n\t\t<div class=\"elementor-element elementor-element-44590b0 e-flex e-con-boxed e-con e-parent\" data-id=\"44590b0\" data-element_type=\"container\" data-settings=\"{&quot;content_width&quot;:&quot;boxed&quot;}\" data-core-v316-plus=\"true\">\n\t\t\t\t\t<div class=\"e-con-inner\">\n\t\t\t\t<div class=\"elementor-element elementor-element-8108493 elementor-align-center elementor-widget elementor-widget-button\" data-id=\"8108493\" data-element_type=\"widget\" data-widget_type=\"button.default\">\n\t\t\t\t<div class=\"elementor-widget-container\">\n\t\t\t\t\t<div class=\"elementor-button-wrapper\">\n\t\t\t<a class=\"elementor-button elementor-button-link elementor-size-sm\" href=\"https:\/\/www.sophro-voyageensoi.fr\/index.php\/les-bienfaits\/\">\n\t\t\t\t\t\t<span class=\"elementor-button-content-wrapper\">\n\t\t\t\t\t\t<span class=\"elementor-button-text\">D\u00e9couvrez les bienfaits de la Sophrologie<\/span>\n\t\t<\/span>\n\t\t\t\t\t<\/a>\n\t\t<\/div>\n\t\t\t\t<\/div>\n\t\t\t\t<\/div>\n\t\t\t\t\t<\/div>\n\t\t\t\t<\/div>\n\t\t\t\t<\/div>\n\t\t","protected":false},"excerpt":{"rendered":"<p>Qui suis je ? L&rsquo;origine de cette belle aventure qui m&rsquo;a emmen\u00e9 \u00e0 \u00eatre Sophrologue L\u2019origine de cette belle aventure\u2026 Je m\u2019appelle Jessica QUIEF, je suis sophrologue certifi\u00e9e RNCP, mari\u00e9e et maman de deux filles, je vis au pied des Alb\u00e8res, pr\u00e8s de Perpignan dans les Pyr\u00e9n\u00e9es-Orientales (66) ou vous pouvez admirer ces belles montagnes [&hellip;]<\/p>\n","protected":false},"author":1,"featured_media":0,"parent":0,"menu_order":0,"comment_status":"closed","ping_status":"closed","template":"","meta":{"_themeisle_gutenberg_block_has_review":false,"footnotes":""},"class_list":["post-112","page","type-page","status-publish","hentry","entry"],"_links":{"self":[{"href":"https:\/\/www.sophro-voyageensoi.fr\/index.php\/wp-json\/wp\/v2\/pages\/112","targetHints":{"allow":["GET"]}}],"collection":[{"href":"https:\/\/www.sophro-voyageensoi.fr\/index.php\/wp-json\/wp\/v2\/pages"}],"about":[{"href":"https:\/\/www.sophro-voyageensoi.fr\/index.php\/wp-json\/wp\/v2\/types\/page"}],"author":[{"embeddable":true,"href":"https:\/\/www.sophro-voyageensoi.fr\/index.php\/wp-json\/wp\/v2\/users\/1"}],"replies":[{"embeddable":true,"href":"https:\/\/www.sophro-voyageensoi.fr\/index.php\/wp-json\/wp\/v2\/comments?post=112"}],"version-history":[{"count":88,"href":"https:\/\/www.sophro-voyageensoi.fr\/index.php\/wp-json\/wp\/v2\/pages\/112\/revisions"}],"predecessor-version":[{"id":1049,"href":"https:\/\/www.sophro-voyageensoi.fr\/index.php\/wp-json\/wp\/v2\/pages\/112\/revisions\/1049"}],"wp:attachment":[{"href":"https:\/\/www.sophro-voyageensoi.fr\/index.php\/wp-json\/wp\/v2\/media?parent=112"}],"curies":[{"name":"wp","href":"https:\/\/api.w.org\/{rel}","templated":true}]}}